{"id":100,"date":"2019-10-24T15:35:38","date_gmt":"2019-10-24T12:35:38","guid":{"rendered":"http:\/\/demo.safirtema.com\/delta\/?page_id=100"},"modified":"2026-03-26T14:23:22","modified_gmt":"2026-03-26T11:23:22","slug":"hakkimizda","status":"publish","type":"page","link":"https:\/\/yamanitriyat.com\/?page_id=100","title":{"rendered":"Hakk\u0131m\u0131zda"},"content":{"rendered":"\n<p>Sat\u0131\u015f-pazarlama \u00fczerine farkl\u0131 sekt\u00f6rlerde uzun y\u0131llar de\u011fi\u015fik g\u00f6revlerde \u00e7al\u0131\u015ft\u0131ktan sonra, 2023 y\u0131l\u0131nda yollar\u0131 kesi\u015fen 3 ortak taraf\u0131ndan temelleri at\u0131lan Yaman \u0130triyat Deposu, yayg\u0131n hizmet a\u011f\u0131 ve geni\u015f m\u00fc\u015fteri portf\u00f6y\u00fc sayesinde b\u00fcnyesinde bulunan ve sekt\u00f6r\u00fcnde \u00f6nc\u00fc markalar\u0131n yayg\u0131n sat\u0131\u015f ve da\u011f\u0131t\u0131mlar\u0131n\u0131 ger\u00e7ekle\u015ftirmektedir. Ba\u015fta t\u00fcm T\u00fcrkiye genelinde ecza depolar\u0131 ve eczane kanal\u0131 olmak \u00fczere; yerel ve ulusal market ve kozmetik kanallar\u0131 yan\u0131 s\u0131ra, geleneksel kanal olarak adland\u0131r\u0131lan aktar kanal\u0131nda da t\u00fcm T\u00fcrkiye genelinde sat\u0131\u015f ve da\u011f\u0131t\u0131m a\u011f\u0131na sahiptir. T\u00fcm hizmet kanallar\u0131m\u0131zda eksiksiz ve kusursuz \u00fcr\u00fcn ve hizmet ilkesiyle \u00e7\u0131kt\u0131\u011f\u0131m\u0131z bu yolda, bug\u00fcn uluslararas\u0131 \u00f6l\u00e7ekteki hareketleri \u00e7ok yak\u0131ndan takip ederek sat\u0131n alma, depolama ve lojistik gibi konularda kalite ve verimlili\u011fi art\u0131rmak amac\u0131yla yeniliklere h\u0131zl\u0131ca adapte olarak hizmet a\u011f\u0131m\u0131z\u0131 g\u00fc\u00e7lendiriyoruz. Sa\u011fl\u0131k sekt\u00f6r\u00fcnde \u00f6nemli bir paya sahip olan takviye edici g\u0131dalar \u00fczerine; \u00fcretim, depolama, paketleme ve lojistik gibi konularda yeni bilgi ve teknolojileri takip ederek uygulamalar geli\u015ftiriyoruz. B\u00f6ylece sekt\u00f6r\u00fcm\u00fcz\u00fcn standartlar\u0131n\u0131n y\u00fckselmesine katk\u0131da bulunuyoruz.<\/p>\n","protected":false},"excerpt":{"rendered":"<p>Sat\u0131\u015f-pazarlama \u00fczerine farkl\u0131 sekt\u00f6rlerde uzun y\u0131llar de\u011fi\u015fik g\u00f6revlerde \u00e7al\u0131\u015ft\u0131ktan sonra, 2023 y\u0131l\u0131nda yollar\u0131 kesi\u015fen 3 ortak taraf\u0131ndan temelleri at\u0131lan Yaman \u0130triyat Deposu, yayg\u0131n hizmet a\u011f\u0131 ve geni\u015f m\u00fc\u015fteri portf\u00f6y\u00fc sayesinde b\u00fcnyesinde bulunan ve sekt\u00f6r\u00fcnde \u00f6nc\u00fc markalar\u0131n yayg\u0131n sat\u0131\u015f ve da\u011f\u0131t\u0131mlar\u0131n\u0131 ger\u00e7ekle\u015ftirmektedir. Ba\u015fta t\u00fcm T\u00fcrkiye genelinde ecza depolar\u0131 ve eczane kanal\u0131 olmak \u00fczere; yerel ve ulusal [&hellip;]<\/p>\n","protected":false},"author":1,"featured_media":0,"parent":0,"menu_order":0,"comment_status":"closed","ping_status":"closed","template":"","meta":{"footnotes":""},"class_list":["post-100","page","type-page","status-publish","hentry"],"_links":{"self":[{"href":"https:\/\/yamanitriyat.com\/index.php?rest_route=\/wp\/v2\/pages\/100","targetHints":{"allow":["GET"]}}],"collection":[{"href":"https:\/\/yamanitriyat.com\/index.php?rest_route=\/wp\/v2\/pages"}],"about":[{"href":"https:\/\/yamanitriyat.com\/index.php?rest_route=\/wp\/v2\/types\/page"}],"author":[{"embeddable":true,"href":"https:\/\/yamanitriyat.com\/index.php?rest_route=\/wp\/v2\/users\/1"}],"replies":[{"embeddable":true,"href":"https:\/\/yamanitriyat.com\/index.php?rest_route=%2Fwp%2Fv2%2Fcomments&post=100"}],"version-history":[{"count":8,"href":"https:\/\/yamanitriyat.com\/index.php?rest_route=\/wp\/v2\/pages\/100\/revisions"}],"predecessor-version":[{"id":498,"href":"https:\/\/yamanitriyat.com\/index.php?rest_route=\/wp\/v2\/pages\/100\/revisions\/498"}],"wp:attachment":[{"href":"https:\/\/yamanitriyat.com\/index.php?rest_route=%2Fwp%2Fv2%2Fmedia&parent=100"}],"curies":[{"name":"wp","href":"https:\/\/api.w.org\/{rel}","templated":true}]}}